{"id":388,"date":"2025-10-17T19:11:15","date_gmt":"2025-10-17T17:11:15","guid":{"rendered":"https:\/\/www.cabinet-lac-messancy.be\/?page_id=388"},"modified":"2025-10-17T19:11:15","modified_gmt":"2025-10-17T17:11:15","slug":"lequipe-du-cabinet","status":"publish","type":"page","link":"https:\/\/www.cabinet-lac-messancy.be\/index.php\/lequipe-du-cabinet\/","title":{"rendered":"L&rsquo;\u00e9quipe du cabinet"},"content":{"rendered":"\n<p>Au Cabinet v\u00e9t\u00e9rinaire du Lac, notre \u00e9quipe partage une m\u00eame passion : le bien-\u00eatre et la sant\u00e9 de vos compagnons. Chacun met ses comp\u00e9tences, son \u00e9coute et son engagement au service des animaux et de leurs familles, dans une ambiance bienveillante et professionnelle. D\u00e9couvrez ci-dessous les visages qui composent notre \u00e9quipe, unie par la m\u00eame vocation : soigner avec c\u0153ur et rigueur.<\/p>\n\n\n\n<figure class=\"wp-block-image size-large\"><img loading=\"lazy\" decoding=\"async\" width=\"1024\" height=\"680\" src=\"https:\/\/www.cabinet-lac-messancy.be\/wp-content\/uploads\/2025\/10\/team_w_bg_2-1024x680.jpg\" alt=\"\" class=\"wp-image-391\" srcset=\"https:\/\/www.cabinet-lac-messancy.be\/wp-content\/uploads\/2025\/10\/team_w_bg_2-1024x680.jpg 1024w, https:\/\/www.cabinet-lac-messancy.be\/wp-content\/uploads\/2025\/10\/team_w_bg_2-300x199.jpg 300w, https:\/\/www.cabinet-lac-messancy.be\/wp-content\/uploads\/2025\/10\/team_w_bg_2-768x510.jpg 768w, https:\/\/www.cabinet-lac-messancy.be\/wp-content\/uploads\/2025\/10\/team_w_bg_2.jpg 1182w\" sizes=\"auto, (max-width: 706px) 89vw, (max-width: 767px) 82vw, 740px\" \/><\/figure>\n","protected":false},"excerpt":{"rendered":"<p>Au Cabinet v\u00e9t\u00e9rinaire du Lac, notre \u00e9quipe partage une m\u00eame passion : le bien-\u00eatre et la sant\u00e9 de vos compagnons. Chacun met ses comp\u00e9tences, son \u00e9coute et son engagement au service des animaux et de leurs familles, dans une ambiance bienveillante et professionnelle. D\u00e9couvrez ci-dessous les visages qui composent notre \u00e9quipe, unie par la m\u00eame &hellip; <\/p>\n<p class=\"link-more\"><a href=\"https:\/\/www.cabinet-lac-messancy.be\/index.php\/lequipe-du-cabinet\/\" class=\"more-link\">Continuer la lecture<span class=\"screen-reader-text\"> de &laquo;&nbsp;L&rsquo;\u00e9quipe du cabinet&nbsp;&raquo;<\/span><\/a><\/p>\n","protected":false},"author":1,"featured_media":0,"parent":0,"menu_order":0,"comment_status":"closed","ping_status":"closed","template":"","meta":{"footnotes":""},"class_list":["post-388","page","type-page","status-publish","hentry"],"jetpack_sharing_enabled":true,"_links":{"self":[{"href":"https:\/\/www.cabinet-lac-messancy.be\/index.php\/wp-json\/wp\/v2\/pages\/388","targetHints":{"allow":["GET"]}}],"collection":[{"href":"https:\/\/www.cabinet-lac-messancy.be\/index.php\/wp-json\/wp\/v2\/pages"}],"about":[{"href":"https:\/\/www.cabinet-lac-messancy.be\/index.php\/wp-json\/wp\/v2\/types\/page"}],"author":[{"embeddable":true,"href":"https:\/\/www.cabinet-lac-messancy.be\/index.php\/wp-json\/wp\/v2\/users\/1"}],"replies":[{"embeddable":true,"href":"https:\/\/www.cabinet-lac-messancy.be\/index.php\/wp-json\/wp\/v2\/comments?post=388"}],"version-history":[{"count":2,"href":"https:\/\/www.cabinet-lac-messancy.be\/index.php\/wp-json\/wp\/v2\/pages\/388\/revisions"}],"predecessor-version":[{"id":392,"href":"https:\/\/www.cabinet-lac-messancy.be\/index.php\/wp-json\/wp\/v2\/pages\/388\/revisions\/392"}],"wp:attachment":[{"href":"https:\/\/www.cabinet-lac-messancy.be\/index.php\/wp-json\/wp\/v2\/media?parent=388"}],"curies":[{"name":"wp","href":"https:\/\/api.w.org\/{rel}","templated":true}]}}