{"id":7,"date":"2018-12-13T07:00:10","date_gmt":"2018-12-13T07:00:10","guid":{"rendered":"http:\/?page_id=2"},"modified":"2023-11-04T15:04:43","modified_gmt":"2023-11-04T14:04:43","slug":"contact","status":"publish","type":"page","link":"https:\/\/www.cabinet-lac-messancy.be\/index.php\/contact\/","title":{"rendered":"Contact"},"content":{"rendered":"\n<p>Voici les coordonn\u00e9es du cabinet:<\/p>\n\n\n\n<p><strong>Adresse:<\/strong> Rue d&rsquo;Arlon, 62 6780 Messancy<br><strong>T\u00e9l\u00e9phone: <\/strong>+32 (0)63 42 21 18 <br><strong>Email:<\/strong> cabinet@veterinairemessancy.be<\/p>\n\n\n\n<p><strong>Heures d&rsquo;ouverture:<\/strong><\/p>\n\n\n\n<ul class=\"wp-block-list\">\n<li>Du lundi au vendredi de 08:30 \u00e0 13:00 et de 14:00 \u00e0 19:00<\/li>\n\n\n\n<li>Le samedi de 09:00 \u00e0 13:00<\/li>\n<\/ul>\n\n\n\n<p>En cas d&rsquo;urgence, vous pouvez appeler le service de garde v\u00e9t\u00e9rinaire. Plus d&rsquo;information <a href=\"https:\/\/www.facebook.com\/Service-de-garde-v%C3%A9t%C3%A9rinaire-Sud-Luxembourg-114582761064559\/\" target=\"_blank\" rel=\"noreferrer noopener\">ici<\/a>.<\/p>\n\n\n\n<p>Pour votre confort, vous pouvez garer votre voiture sur le parking du complexe sportif du lac de Messancy qui est \u00e0 proximit\u00e9.<\/p>\n\n\n\n<div id=\"wpgmza_map\" class=\"wpgmza_map\" data-settings='{\"id\":\"1\",\"map_title\":\"Localisation cabinet\",\"map_width\":\"100\",\"map_height\":\"400\",\"map_start_lat\":\"49.599339\",\"map_start_lng\":\"5.812734\",\"map_start_location\":\"49.59933897728658,5.812733508646488\",\"map_start_zoom\":\"16\",\"default_marker\":\"0\",\"type\":\"3\",\"alignment\":\"2\",\"directions_enabled\":\"1\",\"styling_enabled\":\"0\",\"styling_json\":\"\",\"active\":\"0\",\"kml\":\"\",\"bicycle\":\"0\",\"traffic\":\"0\",\"dbox\":\"1\",\"dbox_width\":\"100\",\"listmarkers\":\"0\",\"listmarkers_advanced\":\"0\",\"filterbycat\":\"0\",\"ugm_enabled\":\"0\",\"ugm_category_enabled\":\"0\",\"fusion\":\"\",\"map_width_type\":\"\\\\%\",\"map_height_type\":\"px\",\"mass_marker_support\":\"1\",\"ugm_access\":\"0\",\"order_markers_by\":\"1\",\"order_markers_choice\":\"2\",\"show_user_location\":\"0\",\"default_to\":\"\",\"other_settings\":{\"store_locator_enabled\":2,\"store_locator_distance\":2,\"store_locator_default_radius\":\"10\",\"store_locator_not_found_message\":\"No results found in this location. Please try again.\",\"store_locator_bounce\":1,\"store_locator_query_string\":\"Code Postal \\\/ Adresse\",\"store_locator_default_address\":\"\",\"wpgmza_store_locator_restrict\":\"\",\"store_locator_style\":\"modern\",\"wpgmza_store_locator_radius_style\":\"modern\",\"map_max_zoom\":\"1\",\"transport_layer\":0,\"wpgmza_show_points_of_interest\":0,\"wpgmza_auto_night\":0}}' data-map-id='1' Data-maps-engine='open-layers' data-shortcode-attributes='{\"id\":\"1\"}' style=\"display:block; overflow:auto; width:100%; height:400px; float:left;\"><\/div>\n","protected":false},"excerpt":{"rendered":"<p>Voici les coordonn\u00e9es du cabinet: Adresse: Rue d&rsquo;Arlon, 62 6780 MessancyT\u00e9l\u00e9phone: +32 (0)63 42 21 18 Email: cabinet@veterinairemessancy.be Heures d&rsquo;ouverture: En cas d&rsquo;urgence, vous pouvez appeler le service de garde v\u00e9t\u00e9rinaire. Plus d&rsquo;information ici. Pour votre confort, vous pouvez garer votre voiture sur le parking du complexe sportif du lac de Messancy qui est \u00e0 &hellip; <\/p>\n<p class=\"link-more\"><a href=\"https:\/\/www.cabinet-lac-messancy.be\/index.php\/contact\/\" class=\"more-link\">Continuer la lecture<span class=\"screen-reader-text\"> de &laquo;&nbsp;Contact&nbsp;&raquo;<\/span><\/a><\/p>\n","protected":false},"author":2,"featured_media":0,"parent":0,"menu_order":0,"comment_status":"closed","ping_status":"open","template":"","meta":{"footnotes":""},"class_list":["post-7","page","type-page","status-publish","hentry"],"jetpack_sharing_enabled":true,"_links":{"self":[{"href":"https:\/\/www.cabinet-lac-messancy.be\/index.php\/wp-json\/wp\/v2\/pages\/7","targetHints":{"allow":["GET"]}}],"collection":[{"href":"https:\/\/www.cabinet-lac-messancy.be\/index.php\/wp-json\/wp\/v2\/pages"}],"about":[{"href":"https:\/\/www.cabinet-lac-messancy.be\/index.php\/wp-json\/wp\/v2\/types\/page"}],"author":[{"embeddable":true,"href":"https:\/\/www.cabinet-lac-messancy.be\/index.php\/wp-json\/wp\/v2\/users\/2"}],"replies":[{"embeddable":true,"href":"https:\/\/www.cabinet-lac-messancy.be\/index.php\/wp-json\/wp\/v2\/comments?post=7"}],"version-history":[{"count":11,"href":"https:\/\/www.cabinet-lac-messancy.be\/index.php\/wp-json\/wp\/v2\/pages\/7\/revisions"}],"predecessor-version":[{"id":344,"href":"https:\/\/www.cabinet-lac-messancy.be\/index.php\/wp-json\/wp\/v2\/pages\/7\/revisions\/344"}],"wp:attachment":[{"href":"https:\/\/www.cabinet-lac-messancy.be\/index.php\/wp-json\/wp\/v2\/media?parent=7"}],"curies":[{"name":"wp","href":"https:\/\/api.w.org\/{rel}","templated":true}]}}